{"id":1281,"date":"2020-05-15T23:41:31","date_gmt":"2020-05-15T23:41:31","guid":{"rendered":"https:\/\/bagus.ca\/produit\/petite-anneaux-acier-45mm-de-diametre-couleur-argentee\/"},"modified":"2020-05-15T23:41:31","modified_gmt":"2020-05-15T23:41:31","slug":"petite-anneaux-acier-45mm-de-diametre-couleur-argentee","status":"publish","type":"product","link":"https:\/\/bagus.ca\/es\/produit\/petite-anneaux-acier-45mm-de-diametre-couleur-argentee\/","title":{"rendered":"Peque\u00f1os anillos de acero de 45 mm de di\u00e1metro color plata"},"content":{"rendered":"","protected":false},"excerpt":{"rendered":"<p>Peque\u00f1os anillos de acero de 45 mm de di\u00e1metro color plata<\/p>\n","protected":false},"featured_media":1180,"comment_status":"open","ping_status":"closed","template":"","meta":[],"product_brand":[],"product_cat":[55],"product_tag":[],"class_list":{"0":"post-1281","1":"product","2":"type-product","3":"status-publish","4":"has-post-thumbnail","6":"product_cat-pendientes","7":"it-has-gallery","9":"first","10":"instock","11":"taxable","12":"shipping-taxable","13":"purchasable","14":"product-type-simple"},"_links":{"self":[{"href":"https:\/\/bagus.ca\/es\/wp-json\/wp\/v2\/product\/1281","targetHints":{"allow":["GET"]}}],"collection":[{"href":"https:\/\/bagus.ca\/es\/wp-json\/wp\/v2\/product"}],"about":[{"href":"https:\/\/bagus.ca\/es\/wp-json\/wp\/v2\/types\/product"}],"replies":[{"embeddable":true,"href":"https:\/\/bagus.ca\/es\/wp-json\/wp\/v2\/comments?post=1281"}],"wp:featuredmedia":[{"embeddable":true,"href":"https:\/\/bagus.ca\/es\/wp-json\/wp\/v2\/media\/1180"}],"wp:attachment":[{"href":"https:\/\/bagus.ca\/es\/wp-json\/wp\/v2\/media?parent=1281"}],"wp:term":[{"taxonomy":"product_brand","embeddable":true,"href":"https:\/\/bagus.ca\/es\/wp-json\/wp\/v2\/product_brand?post=1281"},{"taxonomy":"product_cat","embeddable":true,"href":"https:\/\/bagus.ca\/es\/wp-json\/wp\/v2\/product_cat?post=1281"},{"taxonomy":"product_tag","embeddable":true,"href":"https:\/\/bagus.ca\/es\/wp-json\/wp\/v2\/product_tag?post=1281"}],"curies":[{"name":"wp","href":"https:\/\/api.w.org\/{rel}","templated":true}]}}