{"id":4837,"date":"2021-05-26T21:29:40","date_gmt":"2021-05-26T21:29:40","guid":{"rendered":"https:\/\/bagus.ca\/produit\/colgante-arcangel\/"},"modified":"2021-05-26T21:29:40","modified_gmt":"2021-05-26T21:29:40","slug":"colgante-arcangel","status":"publish","type":"product","link":"https:\/\/bagus.ca\/es\/produit\/colgante-arcangel\/","title":{"rendered":"Colgante arc\u00e1ngel"},"content":{"rendered":"","protected":false},"excerpt":{"rendered":"<p> Colgante de cruz de \u00e1ngel arc\u00e1ngel de 45 mm x 35 mm <br \/>\npeltre fabricado en Quebec. <\/p>\n","protected":false},"featured_media":4734,"comment_status":"open","ping_status":"closed","template":"","meta":[],"product_brand":[],"product_cat":[69,53,72],"product_tag":[],"class_list":{"0":"post-4837","1":"product","2":"type-product","3":"status-publish","4":"has-post-thumbnail","6":"product_cat-fabricado-en-quebec","7":"product_cat-pendants-es","8":"product_cat-joyas-de-peltre","9":"it-has-gallery","11":"first","12":"instock","13":"taxable","14":"shipping-taxable","15":"purchasable","16":"product-type-simple"},"_links":{"self":[{"href":"https:\/\/bagus.ca\/es\/wp-json\/wp\/v2\/product\/4837","targetHints":{"allow":["GET"]}}],"collection":[{"href":"https:\/\/bagus.ca\/es\/wp-json\/wp\/v2\/product"}],"about":[{"href":"https:\/\/bagus.ca\/es\/wp-json\/wp\/v2\/types\/product"}],"replies":[{"embeddable":true,"href":"https:\/\/bagus.ca\/es\/wp-json\/wp\/v2\/comments?post=4837"}],"wp:featuredmedia":[{"embeddable":true,"href":"https:\/\/bagus.ca\/es\/wp-json\/wp\/v2\/media\/4734"}],"wp:attachment":[{"href":"https:\/\/bagus.ca\/es\/wp-json\/wp\/v2\/media?parent=4837"}],"wp:term":[{"taxonomy":"product_brand","embeddable":true,"href":"https:\/\/bagus.ca\/es\/wp-json\/wp\/v2\/product_brand?post=4837"},{"taxonomy":"product_cat","embeddable":true,"href":"https:\/\/bagus.ca\/es\/wp-json\/wp\/v2\/product_cat?post=4837"},{"taxonomy":"product_tag","embeddable":true,"href":"https:\/\/bagus.ca\/es\/wp-json\/wp\/v2\/product_tag?post=4837"}],"curies":[{"name":"wp","href":"https:\/\/api.w.org\/{rel}","templated":true}]}}