{"id":6241,"date":"2022-07-05T16:39:46","date_gmt":"2022-07-05T16:39:46","guid":{"rendered":"https:\/\/bagus.ca\/produit\/pulsera-de-laton\/"},"modified":"2022-07-05T16:39:46","modified_gmt":"2022-07-05T16:39:46","slug":"pulsera-de-laton","status":"publish","type":"product","link":"https:\/\/bagus.ca\/es\/produit\/pulsera-de-laton\/","title":{"rendered":"Pulsera de lat\u00f3n"},"content":{"rendered":"","protected":false},"excerpt":{"rendered":"<p>Pulsera r\u00edgida de lat\u00f3n adornada con piedras negras<\/p>\n","protected":false},"featured_media":5840,"comment_status":"open","ping_status":"closed","template":"","meta":[],"product_brand":[],"product_cat":[52,88,57],"product_tag":[],"class_list":{"0":"post-6241","1":"product","2":"type-product","3":"status-publish","4":"has-post-thumbnail","6":"product_cat-ethnics-es","7":"product_cat-novedad","8":"product_cat-pulsera","9":"it-has-gallery","11":"first","12":"instock","13":"taxable","14":"shipping-taxable","15":"purchasable","16":"product-type-simple"},"_links":{"self":[{"href":"https:\/\/bagus.ca\/es\/wp-json\/wp\/v2\/product\/6241","targetHints":{"allow":["GET"]}}],"collection":[{"href":"https:\/\/bagus.ca\/es\/wp-json\/wp\/v2\/product"}],"about":[{"href":"https:\/\/bagus.ca\/es\/wp-json\/wp\/v2\/types\/product"}],"replies":[{"embeddable":true,"href":"https:\/\/bagus.ca\/es\/wp-json\/wp\/v2\/comments?post=6241"}],"wp:featuredmedia":[{"embeddable":true,"href":"https:\/\/bagus.ca\/es\/wp-json\/wp\/v2\/media\/5840"}],"wp:attachment":[{"href":"https:\/\/bagus.ca\/es\/wp-json\/wp\/v2\/media?parent=6241"}],"wp:term":[{"taxonomy":"product_brand","embeddable":true,"href":"https:\/\/bagus.ca\/es\/wp-json\/wp\/v2\/product_brand?post=6241"},{"taxonomy":"product_cat","embeddable":true,"href":"https:\/\/bagus.ca\/es\/wp-json\/wp\/v2\/product_cat?post=6241"},{"taxonomy":"product_tag","embeddable":true,"href":"https:\/\/bagus.ca\/es\/wp-json\/wp\/v2\/product_tag?post=6241"}],"curies":[{"name":"wp","href":"https:\/\/api.w.org\/{rel}","templated":true}]}}